{"id":25,"date":"2022-11-30T17:06:01","date_gmt":"2022-11-30T17:06:01","guid":{"rendered":"http:\/\/covilha.cway.pt\/?page_id=25"},"modified":"2025-03-10T17:22:37","modified_gmt":"2025-03-10T17:22:37","slug":"pagina-inicial","status":"publish","type":"page","link":"https:\/\/covilha.cway.pt\/","title":{"rendered":"P\u00e1gina Inicial"},"content":{"rendered":"\n    \n    <section class=\"u-clearfix u-section-2\" id=\"sec-3700\">\n      <div class=\"u-clearfix u-sheet u-sheet-1\">\n        <h2 class=\"u-text u-text-default u-text-1\"><\/h2>\n        <div class=\"u-expanded-width u-shortcode u-shortcode-1\">\r\n            \r\n            \r\n            \r\n            <a name='map1'><\/a>\r\n            \r\n            \r\n            \r\n            \r\n            <div class=\"wpgmza_map \"  id=\"wpgmza_map_1\" style=\"display:block; overflow:auto; width:100%; height:500px; float:left;\" data-settings='{\"id\":\"1\",\"map_title\":\"Covilha IOT MAP\",\"map_width\":100,\"map_height\":\"500\",\"map_start_lat\":\"40.28038872624222\",\"map_start_lng\":\"-7.50443195542711\",\"map_start_location\":\"45.950464398418106,-109.81550500000003\",\"map_start_zoom\":\"18\",\"default_marker\":\"\",\"type\":\"0\",\"alignment\":\"4\",\"directions_enabled\":\"0\",\"styling_enabled\":\"0\",\"styling_json\":\"\",\"active\":\"0\",\"kml\":\"\",\"bicycle\":\"0\",\"traffic\":\"0\",\"dbox\":\"1\",\"dbox_width\":\"\",\"listmarkers\":\"0\",\"listmarkers_advanced\":\"0\",\"filterbycat\":\"0\",\"ugm_enabled\":\"0\",\"ugm_category_enabled\":\"0\",\"fusion\":\"\",\"map_width_type\":\"%\",\"map_height_type\":\"px\",\"mass_marker_support\":\"0\",\"ugm_access\":\"0\",\"order_markers_by\":\"1\",\"order_markers_choice\":\"1\",\"show_user_location\":\"0\",\"default_to\":\"\",\"other_settings\":{\"map_type\":1,\"sl_stroke_color\":\"#000000\",\"sl_fill_color\":\"#000000\",\"sl_stroke_opacity\":\"\",\"sl_fill_opacity\":\"\",\"transport_layer\":false,\"action\":\"wpgmza_save_map\",\"redirect_to\":\"\\\/wp-admin\\\/admin-post.php\",\"map_id\":\"1\",\"http_referer\":\"\\\/wp-admin\\\/admin.php?page=wp-google-maps-menu&amp;amp;action=edit&amp;amp;map_id=1\",\"wpgmza_id\":\"1\",\"wpgmza_start_location\":\"40.28038872624222,-7.50443195542711\",\"wpgmza_start_zoom\":\"18\",\"store_locator_enabled\":false,\"store_locator_search_area\":\"radial\",\"wpgmza_store_locator_radius_style\":\"legacy\",\"wpgmza_store_locator_default_radius\":\"10\",\"store_locator_auto_area_max_zoom\":\"\",\"store_locator_distance\":false,\"wpgmza_store_locator_position\":false,\"store_locator_show_distance\":false,\"store_locator_category\":false,\"wpgmza_store_locator_use_their_location\":false,\"wpgmza_store_locator_bounce\":false,\"wpgmza_sl_animation\":\"0\",\"wpgmza_store_locator_hide_before_search\":false,\"store_locator_query_string\":\"\",\"store_locator_location_placeholder\":\"\",\"store_locator_default_address\":\"\",\"store_locator_name_search\":false,\"store_locator_name_string\":\"\",\"store_locator_not_found_message\":\"\",\"wpgmza_map_align\":\"1\",\"jump_to_nearest_marker_on_initialization\":false,\"automatically_pan_to_users_location\":false,\"override_users_location_zoom_level\":false,\"override_users_location_zoom_levels\":\"\",\"show_distance_from_location\":false,\"map_max_zoom\":\"21\",\"map_min_zoom\":\"0\",\"click_open_link\":false,\"fit_maps_bounds_to_markers\":false,\"fit_maps_bounds_to_markers_after_filtering\":false,\"hide_point_of_interest\":false,\"wpgmza_zoom_on_marker_click\":false,\"wpgmza_zoom_on_marker_click_slider\":\"\",\"close_infowindow_on_map_click\":false,\"disable_lightbox_images\":false,\"use_Raw_Jpeg_Coordinates\":false,\"disable_polygon_info_windows\":false,\"enable_marker_ratings\":false,\"only_load_markers_within_viewport\":false,\"zoom_level_mobile_override_enabled\":false,\"zoom_level_mobile_override\":\"\",\"iw_primary_color\":\"#000000\",\"iw_accent_color\":\"#000000\",\"iw_text_color\":\"#000000\",\"wpgmza_listmarkers_by\":\"0\",\"wpgmza_marker_listing_position\":false,\"zoom_level_on_marker_listing_override\":false,\"zoom_level_on_marker_listing_click\":\"\",\"marker_listing_disable_zoom\":false,\"datatable_no_result_message\":\"\",\"remove_search_box_datables\":false,\"dataTable_pagination_style\":\"default\",\"datatable_search_string\":\"\",\"datatable_result_start\":\"\",\"datatable_result_of\":\"\",\"datatable_result_to\":\"\",\"datatable_result_total\":\"\",\"datatable_result_show\":\"\",\"datatable_result_entries\":\"\",\"wpgmza_savemap\":\"Salvar o mapa \\u00bb\",\"shortcodeAttributes\":{\"id\":\"1\"},\"wpgmza_dbox_width_type\":\"%\",\"default_from\":\"\",\"directions_behaviour\":\"default\",\"force_google_directions_app\":false,\"directions_route_origin_icon\":\"https:\\\/\\\/covilha.cway.pt\\\/wp-content\\\/plugins\\\/wp-google-maps\\\/images\\\/spotlight-poi3.png\",\"directions_origin_retina\":false,\"directions_route_destination_icon\":\"https:\\\/\\\/covilha.cway.pt\\\/wp-content\\\/plugins\\\/wp-google-maps\\\/images\\\/spotlight-poi3.png\",\"directions_destination_retina\":false,\"directions_route_stroke_color\":\"#4f8df5\",\"directions_route_stroke_weight\":\"4\",\"directions_route_stroke_opacity\":\"0.8\",\"directions_fit_bounds_to_route\":false,\"wpgmza_store_locator_restrict\":\"\",\"upload_default_sl_marker\":\"\",\"upload_default_sl_marker_retina\":false,\"retina\":false,\"upload_default_ul_marker\":\"\",\"upload_default_ul_marker_retina\":false,\"enable_advanced_custom_fields_integration\":false,\"enable_toolset_woocommerce_integration\":false,\"enable_woo_product_integration\":false}}' data-map-id='1' data-shortcode-attributes='{\"id\":\"1\"}'> <\/div>\r\n            \r\n               \r\n        <\/div>\n        <div class=\"u-list u-list-1\">\n          <div class=\"u-repeater u-repeater-1\">\n            <div class=\"u-align-center u-container-style u-list-item u-repeater-item\">\n              <div class=\"u-container-layout u-similar-container u-container-layout-1\">\n                <img decoding=\"async\" class=\"u-image u-image-contain u-image-round u-radius-10 u-image-1\" src=\"http:\/\/covilha.cway.pt\/wp-content\/uploads\/2024\/06\/CwayM-1.png\" alt=\"\" data-image-width=\"33\" data-image-height=\"48\" data-href=\"https:\/\/cway.pt\/?page_id=490\" data-target=\"_blank\">\n                <p class=\"u-custom-font u-font-arial u-small-text u-text u-text-default u-text-variant u-text-2\">\n                  <a class=\"u-active-none u-border-none u-btn u-button-link u-button-style u-hover-none u-none u-text-body-color u-btn-1\" href=\"https:\/\/cway.pt\/?page_id=490\">Passadeira Inteligente<\/a>\n                <\/p>\n              <\/div>\n            <\/div>\n            <div class=\"u-align-center u-container-style u-list-item u-repeater-item\">\n              <div class=\"u-container-layout u-similar-container u-container-layout-2\">\n                <img decoding=\"async\" class=\"u-image u-image-contain u-image-round u-radius-10 u-image-2\" src=\"http:\/\/covilha.cway.pt\/wp-content\/uploads\/2024\/06\/sensor-de-temperatura.png\" alt=\"\" data-image-width=\"64\" data-image-height=\"64\" data-href=\"https:\/\/cway.pt\/?page_id=490\" data-target=\"_blank\">\n                <p class=\"u-custom-font u-font-arial u-small-text u-text u-text-default u-text-variant u-text-3\">\n                  <a class=\"u-active-none u-border-none u-btn u-button-link u-button-style u-hover-none u-none u-text-body-color u-btn-2\" href=\"https:\/\/cway.pt\/?page_id=490\">Esta\u00e7\u00e3o Ambiental<\/a>\n                <\/p>\n              <\/div>\n            <\/div>\n            <div class=\"u-align-center u-container-style u-list-item u-repeater-item\">\n              <div class=\"u-container-layout u-similar-container u-container-layout-3\">\n                <img decoding=\"async\" class=\"u-image u-image-contain u-image-round u-radius-10 u-image-3\" src=\"http:\/\/covilha.cway.pt\/wp-content\/uploads\/2024\/06\/cctv.png\" alt=\"\" data-image-width=\"64\" data-image-height=\"64\" data-href=\"https:\/\/cway.pt\/?page_id=490\" data-target=\"_blank\">\n                <p class=\"u-custom-font u-font-arial u-small-text u-text u-text-default u-text-variant u-text-4\">\n                  <a class=\"u-active-none u-border-none u-btn u-button-link u-button-style u-hover-none u-none u-text-body-color u-btn-3\" href=\"https:\/\/cway.pt\/?page_id=490\">Camara CCTV<span style=\"font-weight: 700;\"><\/span>\n                  <\/a>\n                <\/p>\n              <\/div>\n            <\/div>\n            <div class=\"u-align-center u-container-style u-list-item u-repeater-item\">\n              <div class=\"u-container-layout u-similar-container u-container-layout-4\">\n                <img decoding=\"async\" class=\"u-image u-image-contain u-image-round u-radius-10 u-image-4\" src=\"http:\/\/covilha.cway.pt\/wp-content\/uploads\/2024\/06\/parking.png\" alt=\"\" data-image-width=\"32\" data-image-height=\"32\" data-href=\"https:\/\/cway.pt\/?page_id=490\" data-target=\"_blank\">\n                <p class=\"u-custom-font u-font-arial u-small-text u-text u-text-default u-text-variant u-text-5\">\n                  <a class=\"u-active-none u-border-none u-btn u-button-link u-button-style u-hover-none u-none u-text-body-color u-btn-4\" href=\"https:\/\/cway.pt\/?page_id=490\">Sensor Parking<\/a>\n                <\/p>\n              <\/div>\n            <\/div>\n            <div class=\"u-align-center u-container-style u-list-item u-repeater-item\">\n              <div class=\"u-container-layout u-similar-container u-container-layout-5\">\n                <img decoding=\"async\" class=\"u-image u-image-contain u-image-round u-radius-10 u-image-5\" src=\"http:\/\/covilha.cway.pt\/wp-content\/uploads\/2024\/06\/sensor-analitico.png\" alt=\"\" data-image-width=\"64\" data-image-height=\"64\" data-href=\"https:\/\/cway.pt\/?page_id=490\" data-target=\"_blank\">\n                <p class=\"u-custom-font u-font-arial u-small-text u-text u-text-default u-text-variant u-text-6\">\n                  <a class=\"u-active-none u-border-none u-btn u-button-link u-button-style u-hover-none u-none u-text-body-color u-btn-5\" href=\"https:\/\/cway.pt\/?page_id=490\">Sensor Anal\u00edtico<\/a>\n                <\/p>\n              <\/div>\n            <\/div>\n            <div class=\"u-align-center u-container-style u-list-item u-repeater-item\">\n              <div class=\"u-container-layout u-similar-container u-container-layout-6\">\n                <img decoding=\"async\" class=\"u-image u-image-contain u-image-round u-radius-10 u-image-6\" src=\"http:\/\/covilha.cway.pt\/wp-content\/uploads\/2024\/06\/sala_controlo.png\" alt=\"\" data-image-width=\"64\" data-image-height=\"64\" data-href=\"https:\/\/cway.pt\/?page_id=490\" data-target=\"_blank\">\n                <p class=\"u-custom-font u-font-arial u-small-text u-text u-text-default u-text-variant u-text-7\">Sala<a href=\"https:\/\/cway.pt\/?page_id=490\" class=\"u-active-none u-border-none u-btn u-button-link u-button-style u-hover-none u-none u-text-palette-1-base u-btn-6\"><\/a>de controlo\n                <\/p>\n              <\/div>\n            <\/div>\n          <\/div>\n        <\/div>\n      <\/div>\n    <\/section>\n    \n    \n    \n  \n","protected":false},"excerpt":{"rendered":"<p>Passadeira Inteligente Esta\u00e7\u00e3o Ambiental Camara CCTV Sensor Parking Sensor Anal\u00edtico Salade controlo<\/p>\n","protected":false},"author":1,"featured_media":0,"parent":0,"menu_order":3,"comment_status":"closed","ping_status":"closed","template":"","meta":{"footnotes":""},"class_list":["post-25","page","type-page","status-publish","hentry"],"_links":{"self":[{"href":"https:\/\/covilha.cway.pt\/index.php?rest_route=\/wp\/v2\/pages\/25","targetHints":{"allow":["GET"]}}],"collection":[{"href":"https:\/\/covilha.cway.pt\/index.php?rest_route=\/wp\/v2\/pages"}],"about":[{"href":"https:\/\/covilha.cway.pt\/index.php?rest_route=\/wp\/v2\/types\/page"}],"author":[{"embeddable":true,"href":"https:\/\/covilha.cway.pt\/index.php?rest_route=\/wp\/v2\/users\/1"}],"replies":[{"embeddable":true,"href":"https:\/\/covilha.cway.pt\/index.php?rest_route=%2Fwp%2Fv2%2Fcomments&post=25"}],"version-history":[{"count":7,"href":"https:\/\/covilha.cway.pt\/index.php?rest_route=\/wp\/v2\/pages\/25\/revisions"}],"predecessor-version":[{"id":218,"href":"https:\/\/covilha.cway.pt\/index.php?rest_route=\/wp\/v2\/pages\/25\/revisions\/218"}],"wp:attachment":[{"href":"https:\/\/covilha.cway.pt\/index.php?rest_route=%2Fwp%2Fv2%2Fmedia&parent=25"}],"curies":[{"name":"wp","href":"https:\/\/api.w.org\/{rel}","templated":true}]}}